{"id":9723,"date":"2025-03-24T11:44:36","date_gmt":"2025-03-24T10:44:36","guid":{"rendered":"https:\/\/www.axion4event.com\/inflatable-furniture\/inflatable-donut\/"},"modified":"2025-03-24T12:15:19","modified_gmt":"2025-03-24T11:15:19","slug":"inflatable-donut","status":"publish","type":"page","link":"https:\/\/www.axion4event.com\/es\/inflatable-furniture\/inflatable-donut\/","title":{"rendered":"product3_5Donut"},"content":{"rendered":"<p><div class=\"fusion-fullwidth fullwidth-box fusion-builder-row-1 fusion-flex-container has-pattern-background has-mask-background nonhundred-percent-fullwidth non-hundred-percent-height-scrolling\" style=\"--awb-border-radius-top-left:0px;--awb-border-radius-top-right:0px;--awb-border-radius-bottom-right:0px;--awb-border-radius-bottom-left:0px;--awb-padding-top:40px;--awb-padding-right:20px;--awb-padding-bottom:30px;--awb-padding-left:20px;--awb-padding-top-small:0px;--awb-flex-wrap:wrap;\" ><div class=\"fusion-builder-row fusion-row fusion-flex-align-items-center fusion-flex-content-wrap\" style=\"max-width:1248px;margin-left: calc(-4% \/ 2 );margin-right: calc(-4% \/ 2 );\"><div class=\"fusion-layout-column fusion_builder_column fusion-builder-column-0 fusion_builder_column_1_2 1_2 fusion-flex-column\" style=\"--awb-padding-top:20px;--awb-padding-right:20px;--awb-padding-bottom:20px;--awb-padding-left:20px;--awb-overflow:visible;--awb-bg-color:#ffffff;--awb-bg-color-hover:#ffffff;--awb-bg-size:cover;--awb-box-shadow: 0px 0px ;;--awb-border-color:#e2e2e2;--awb-border-style:solid;--awb-width-large:50%;--awb-margin-top-large:0px;--awb-spacing-right-large:3.84%;--awb-margin-bottom-large:0px;--awb-spacing-left-large:3.84%;--awb-width-medium:50%;--awb-order-medium:0;--awb-spacing-right-medium:3.84%;--awb-spacing-left-medium:3.84%;--awb-width-small:100%;--awb-order-small:0;--awb-spacing-right-small:1.92%;--awb-spacing-left-small:1.92%;\" data-motion-effects=\"[{&quot;type&quot;:&quot;&quot;,&quot;scroll_type&quot;:&quot;transition&quot;,&quot;scroll_direction&quot;:&quot;up&quot;,&quot;transition_speed&quot;:&quot;1&quot;,&quot;fade_type&quot;:&quot;in&quot;,&quot;scale_type&quot;:&quot;up&quot;,&quot;initial_scale&quot;:&quot;1&quot;,&quot;max_scale&quot;:&quot;1.5&quot;,&quot;min_scale&quot;:&quot;0.5&quot;,&quot;initial_rotate&quot;:&quot;0&quot;,&quot;end_rotate&quot;:&quot;30&quot;,&quot;initial_blur&quot;:&quot;0&quot;,&quot;end_blur&quot;:&quot;3&quot;,&quot;start_element&quot;:&quot;top&quot;,&quot;start_viewport&quot;:&quot;bottom&quot;,&quot;end_element&quot;:&quot;bottom&quot;,&quot;end_viewport&quot;:&quot;top&quot;,&quot;mouse_effect&quot;:&quot;track&quot;,&quot;mouse_effect_direction&quot;:&quot;opposite&quot;,&quot;mouse_effect_speed&quot;:&quot;2&quot;,&quot;infinite_animation&quot;:&quot;float&quot;,&quot;infinite_animation_speed&quot;:&quot;2&quot;}]\" data-scroll-devices=\"small-visibility,medium-visibility,large-visibility\"><div class=\"fusion-column-wrapper fusion-column-has-shadow fusion-flex-justify-content-center fusion-content-layout-column\"><div class=\"fusion-image-element sm-text-align-center\" style=\"text-align:left;--awb-max-width:500px;--awb-caption-title-font-family:var(--h2_typography-font-family);--awb-caption-title-font-weight:var(--h2_typography-font-weight);--awb-caption-title-font-style:var(--h2_typography-font-style);--awb-caption-title-size:var(--h2_typography-font-size);--awb-caption-title-transform:var(--h2_typography-text-transform);--awb-caption-title-line-height:var(--h2_typography-line-height);--awb-caption-title-letter-spacing:var(--h2_typography-letter-spacing);\"><span class=\" fusion-imageframe imageframe-none imageframe-1 hover-type-none\"><img decoding=\"async\" width=\"1000\" height=\"606\" title=\"axion-donut-3d\" src=\"https:\/\/www.axion4event.com\/wp-content\/uploads\/2025\/03\/axion-donut-3d.jpg\" alt class=\"img-responsive wp-image-9633\" srcset=\"https:\/\/www.axion4event.com\/wp-content\/uploads\/2025\/03\/axion-donut-3d-200x121.jpg 200w, https:\/\/www.axion4event.com\/wp-content\/uploads\/2025\/03\/axion-donut-3d-400x242.jpg 400w, https:\/\/www.axion4event.com\/wp-content\/uploads\/2025\/03\/axion-donut-3d-600x364.jpg 600w, https:\/\/www.axion4event.com\/wp-content\/uploads\/2025\/03\/axion-donut-3d-800x485.jpg 800w, https:\/\/www.axion4event.com\/wp-content\/uploads\/2025\/03\/axion-donut-3d.jpg 1000w\" sizes=\"(max-width: 640px) 100vw, 600px\" \/><\/span><\/div><\/div><\/div><div class=\"fusion-layout-column fusion_builder_column fusion-builder-column-1 fusion_builder_column_1_2 1_2 fusion-flex-column fusion-flex-align-self-center\" style=\"--awb-bg-size:cover;--awb-width-large:50%;--awb-margin-top-large:0px;--awb-spacing-right-large:3.84%;--awb-margin-bottom-large:0px;--awb-spacing-left-large:3.84%;--awb-width-medium:50%;--awb-order-medium:0;--awb-spacing-right-medium:3.84%;--awb-spacing-left-medium:3.84%;--awb-width-small:100%;--awb-order-small:0;--awb-spacing-right-small:1.92%;--awb-spacing-left-small:1.92%;\" data-motion-effects=\"[{&quot;type&quot;:&quot;&quot;,&quot;scroll_type&quot;:&quot;transition&quot;,&quot;scroll_direction&quot;:&quot;up&quot;,&quot;transition_speed&quot;:&quot;1&quot;,&quot;fade_type&quot;:&quot;in&quot;,&quot;scale_type&quot;:&quot;up&quot;,&quot;initial_scale&quot;:&quot;1&quot;,&quot;max_scale&quot;:&quot;1.5&quot;,&quot;min_scale&quot;:&quot;0.5&quot;,&quot;initial_rotate&quot;:&quot;0&quot;,&quot;end_rotate&quot;:&quot;30&quot;,&quot;initial_blur&quot;:&quot;0&quot;,&quot;end_blur&quot;:&quot;3&quot;,&quot;start_element&quot;:&quot;top&quot;,&quot;start_viewport&quot;:&quot;bottom&quot;,&quot;end_element&quot;:&quot;bottom&quot;,&quot;end_viewport&quot;:&quot;top&quot;,&quot;mouse_effect&quot;:&quot;track&quot;,&quot;mouse_effect_direction&quot;:&quot;opposite&quot;,&quot;mouse_effect_speed&quot;:&quot;2&quot;,&quot;infinite_animation&quot;:&quot;float&quot;,&quot;infinite_animation_speed&quot;:&quot;2&quot;}]\" data-scroll-devices=\"small-visibility,medium-visibility,large-visibility\"><div class=\"fusion-column-wrapper fusion-column-has-shadow fusion-flex-justify-content-flex-start fusion-content-layout-column\"><div class=\"fusion-title title fusion-title-1 fusion-sep-none fusion-title-text fusion-title-size-one\" style=\"--awb-text-color:#0d2240;--awb-margin-top:0px;--awb-margin-bottom:0px;--awb-margin-bottom-small:0px;--awb-font-size:4em;\"><h1 class=\"fusion-title-heading title-heading-right sm-text-align-center fusion-responsive-typography-calculated\" style=\"margin:0;font-size:1em;--fontSize:64;line-height:var(--awb-typography1-line-height);\"><h1 style=\"text-align: left;\">DONUT<\/h1><\/h1><\/div><div class=\"fusion-title title fusion-title-2 fusion-sep-none fusion-title-text fusion-title-size-two\" style=\"--awb-text-color:#0d2240;--awb-margin-bottom:20px;--awb-sep-color:#002f2f;--awb-font-size:1.2em;\"><h2 class=\"fusion-title-heading title-heading-right sm-text-align-center fusion-responsive-typography-calculated\" style=\"margin:0;font-size:1em;--fontSize:19.2;--minFontSize:19.2;line-height:var(--awb-typography1-line-height);\"><h2 style=\"text-align: left;\">ASIENTO INFLABLE PARA EVENTOS<\/h2><\/h2><\/div><div class=\"fusion-text fusion-text-1\"><p>DONUT es un asiento inflable redondo \u00fanico con una forma muy atractiva, con capacidad para hasta 6 personas. Est\u00e1 dise\u00f1ado para encajar en el centro de nuestra mesa BONGO.<\/p>\n<\/div><\/div><\/div><\/div><\/div><div class=\"fusion-fullwidth fullwidth-box fusion-builder-row-2 fusion-flex-container has-pattern-background has-mask-background nonhundred-percent-fullwidth non-hundred-percent-height-scrolling\" style=\"--awb-border-radius-top-left:0px;--awb-border-radius-top-right:0px;--awb-border-radius-bottom-right:0px;--awb-border-radius-bottom-left:0px;--awb-padding-top:20px;--awb-padding-bottom:20px;--awb-background-color:#ffffff;--awb-flex-wrap:wrap;\" ><div class=\"fusion-builder-row fusion-row fusion-flex-align-items-center fusion-flex-content-wrap\" style=\"max-width:1248px;margin-left: calc(-4% \/ 2 );margin-right: calc(-4% \/ 2 );\"><div class=\"fusion-layout-column fusion_builder_column fusion-builder-column-2 fusion_builder_column_1_2 1_2 fusion-flex-column\" style=\"--awb-bg-size:cover;--awb-width-large:50%;--awb-margin-top-large:0px;--awb-spacing-right-large:3.84%;--awb-margin-bottom-large:20px;--awb-spacing-left-large:3.84%;--awb-width-medium:50%;--awb-order-medium:0;--awb-spacing-right-medium:3.84%;--awb-spacing-left-medium:3.84%;--awb-width-small:100%;--awb-order-small:0;--awb-spacing-right-small:1.92%;--awb-spacing-left-small:1.92%;\" data-motion-effects=\"[{&quot;type&quot;:&quot;&quot;,&quot;scroll_type&quot;:&quot;transition&quot;,&quot;scroll_direction&quot;:&quot;up&quot;,&quot;transition_speed&quot;:&quot;1&quot;,&quot;fade_type&quot;:&quot;in&quot;,&quot;scale_type&quot;:&quot;up&quot;,&quot;initial_scale&quot;:&quot;1&quot;,&quot;max_scale&quot;:&quot;1.5&quot;,&quot;min_scale&quot;:&quot;0.5&quot;,&quot;initial_rotate&quot;:&quot;0&quot;,&quot;end_rotate&quot;:&quot;30&quot;,&quot;initial_blur&quot;:&quot;0&quot;,&quot;end_blur&quot;:&quot;3&quot;,&quot;start_element&quot;:&quot;top&quot;,&quot;start_viewport&quot;:&quot;bottom&quot;,&quot;end_element&quot;:&quot;bottom&quot;,&quot;end_viewport&quot;:&quot;top&quot;,&quot;mouse_effect&quot;:&quot;track&quot;,&quot;mouse_effect_direction&quot;:&quot;opposite&quot;,&quot;mouse_effect_speed&quot;:&quot;2&quot;,&quot;infinite_animation&quot;:&quot;float&quot;,&quot;infinite_animation_speed&quot;:&quot;2&quot;}]\" data-scroll-devices=\"small-visibility,medium-visibility,large-visibility\"><div class=\"fusion-column-wrapper fusion-column-has-shadow fusion-flex-justify-content-flex-start fusion-content-layout-column\"><div class=\"table-2\">\n<table width=\"100%\" cellspacing=\"0\" cellpadding=\"0\">\n<thead>\n\n\t<tr>\n\t\t  <th><\/th>\n\t      <th align=\"center\">DONUT ASIENTO<\/th>\n\t       <\/tr>\n\n<\/thead>\n<tbody>\n<tr>\n\t\t\t<td><\/td>\n\t\t\t<td><\/td>\n\t\t\t<td><\/td>\n\t<\/tr>\n\n<tr>\n\t\t\t<td class=\"title\">Di\u00e1metro (cm)<\/td>\n<td class=\"center\">250<\/td>\n<\/tr>\n<tr>\n\t\t\t<td class=\"title\">Altura (cm)<\/td>\n<td class=\"center\">50<\/td>\n<\/tr>\n\n<\/tr>\n<\/tbody>\n<\/table>\n<\/div><\/div><\/div><div class=\"fusion-layout-column fusion_builder_column fusion-builder-column-3 fusion_builder_column_1_2 1_2 fusion-flex-column\" style=\"--awb-bg-size:cover;--awb-width-large:50%;--awb-margin-top-large:0px;--awb-spacing-right-large:3.84%;--awb-margin-bottom-large:0px;--awb-spacing-left-large:3.84%;--awb-width-medium:50%;--awb-order-medium:0;--awb-spacing-right-medium:3.84%;--awb-spacing-left-medium:3.84%;--awb-width-small:100%;--awb-order-small:0;--awb-spacing-right-small:1.92%;--awb-spacing-left-small:1.92%;\" data-motion-effects=\"[{&quot;type&quot;:&quot;&quot;,&quot;scroll_type&quot;:&quot;transition&quot;,&quot;scroll_direction&quot;:&quot;up&quot;,&quot;transition_speed&quot;:&quot;1&quot;,&quot;fade_type&quot;:&quot;in&quot;,&quot;scale_type&quot;:&quot;up&quot;,&quot;initial_scale&quot;:&quot;1&quot;,&quot;max_scale&quot;:&quot;1.5&quot;,&quot;min_scale&quot;:&quot;0.5&quot;,&quot;initial_rotate&quot;:&quot;0&quot;,&quot;end_rotate&quot;:&quot;30&quot;,&quot;initial_blur&quot;:&quot;0&quot;,&quot;end_blur&quot;:&quot;3&quot;,&quot;start_element&quot;:&quot;top&quot;,&quot;start_viewport&quot;:&quot;bottom&quot;,&quot;end_element&quot;:&quot;bottom&quot;,&quot;end_viewport&quot;:&quot;top&quot;,&quot;mouse_effect&quot;:&quot;track&quot;,&quot;mouse_effect_direction&quot;:&quot;opposite&quot;,&quot;mouse_effect_speed&quot;:&quot;2&quot;,&quot;infinite_animation&quot;:&quot;float&quot;,&quot;infinite_animation_speed&quot;:&quot;2&quot;}]\" data-scroll-devices=\"small-visibility,medium-visibility,large-visibility\"><div class=\"fusion-column-wrapper fusion-column-has-shadow fusion-flex-justify-content-center fusion-content-layout-column\"><div class=\"fusion-image-element \" style=\"text-align:center;--awb-caption-title-font-family:var(--h2_typography-font-family);--awb-caption-title-font-weight:var(--h2_typography-font-weight);--awb-caption-title-font-style:var(--h2_typography-font-style);--awb-caption-title-size:var(--h2_typography-font-size);--awb-caption-title-transform:var(--h2_typography-text-transform);--awb-caption-title-line-height:var(--h2_typography-line-height);--awb-caption-title-letter-spacing:var(--h2_typography-letter-spacing);\"><span class=\" fusion-imageframe imageframe-none imageframe-2 hover-type-none\"><img decoding=\"async\" width=\"1187\" height=\"452\" title=\"axion-donut-3d-sketch\" src=\"https:\/\/www.axion4event.com\/wp-content\/uploads\/2025\/03\/axion-donut-3d-sketch.png\" alt class=\"img-responsive wp-image-9637\" srcset=\"https:\/\/www.axion4event.com\/wp-content\/uploads\/2025\/03\/axion-donut-3d-sketch-200x76.png 200w, https:\/\/www.axion4event.com\/wp-content\/uploads\/2025\/03\/axion-donut-3d-sketch-400x152.png 400w, https:\/\/www.axion4event.com\/wp-content\/uploads\/2025\/03\/axion-donut-3d-sketch-600x228.png 600w, https:\/\/www.axion4event.com\/wp-content\/uploads\/2025\/03\/axion-donut-3d-sketch-800x305.png 800w, https:\/\/www.axion4event.com\/wp-content\/uploads\/2025\/03\/axion-donut-3d-sketch.png 1187w\" sizes=\"(max-width: 640px) 100vw, 600px\" \/><\/span><\/div><\/div><\/div><\/div><\/div><div class=\"fusion-fullwidth fullwidth-box fusion-builder-row-3 fusion-flex-container has-pattern-background has-mask-background nonhundred-percent-fullwidth non-hundred-percent-height-scrolling\" style=\"--awb-border-radius-top-left:0px;--awb-border-radius-top-right:0px;--awb-border-radius-bottom-right:0px;--awb-border-radius-bottom-left:0px;--awb-margin-top:20px;--awb-margin-bottom:20px;--awb-flex-wrap:wrap;\" ><div class=\"fusion-builder-row fusion-row fusion-flex-align-items-flex-start fusion-flex-content-wrap\" style=\"max-width:1248px;margin-left: calc(-4% \/ 2 );margin-right: calc(-4% \/ 2 );\"><div class=\"fusion-layout-column fusion_builder_column fusion-builder-column-4 fusion_builder_column_1_1 1_1 fusion-flex-column\" style=\"--awb-bg-size:cover;--awb-width-large:100%;--awb-margin-top-large:0px;--awb-spacing-right-large:1.92%;--awb-margin-bottom-large:20px;--awb-spacing-left-large:1.92%;--awb-width-medium:100%;--awb-order-medium:0;--awb-spacing-right-medium:1.92%;--awb-spacing-left-medium:1.92%;--awb-width-small:100%;--awb-order-small:0;--awb-spacing-right-small:1.92%;--awb-spacing-left-small:1.92%;\"><div class=\"fusion-column-wrapper fusion-column-has-shadow fusion-flex-justify-content-flex-start fusion-content-layout-column\"><div class=\"awb-gallery-wrapper awb-gallery-wrapper-1 button-span-no\" style=\"--more-btn-alignment:center;margin-bottom:5px;margin-left:5px;\" data-limit=\"20\" data-page=\"1\"><div style=\"margin:-5px;--awb-aspect-ratio:16 \/ 9;--awb-bordersize:0px;\" class=\"fusion-gallery fusion-gallery-container fusion-grid-3 fusion-columns-total-2 fusion-gallery-layout-masonry fusion-gallery-1 has-aspect-ratio\"><div class=\"fusion-grid-column fusion-gallery-column fusion-gallery-column-3 hover-type-none fusion-grid-sizer\"><\/div><div style=\"padding:5px;\" class=\"fusion-grid-column fusion-gallery-column fusion-gallery-column-3 hover-type-none fusion-element-landscape fusion-element-portrait\"><div class=\"fusion-gallery-image\"><a href=\"https:\/\/www.axion4event.com\/wp-content\/uploads\/2025\/03\/donut_pic1.jpg\" rel=\"noreferrer\" data-rel=\"iLightbox[gallery_image_1]\" class=\"fusion-lightbox\" target=\"_self\"><div style=\"background-image:url(https:\/\/www.axion4event.com\/wp-content\/uploads\/2025\/03\/donut_pic1.jpg);padding-top:calc((100% + 10px) * 0.8);background-position:;\" class=\"fusion-masonry-element-container\"><img decoding=\"async\" src=\"https:\/\/www.axion4event.com\/wp-content\/uploads\/2025\/03\/donut_pic1.jpg\" width=\"1500\" height=\"994\" alt=\"Inflatable DONUT event seat by AXION\" title=\"donut_pic1\" aria-label=\"donut_pic1\" class=\"img-responsive wp-image-9683\" srcset=\"https:\/\/www.axion4event.com\/wp-content\/uploads\/2025\/03\/donut_pic1-200x133.jpg 200w, https:\/\/www.axion4event.com\/wp-content\/uploads\/2025\/03\/donut_pic1-400x265.jpg 400w, https:\/\/www.axion4event.com\/wp-content\/uploads\/2025\/03\/donut_pic1-600x398.jpg 600w, https:\/\/www.axion4event.com\/wp-content\/uploads\/2025\/03\/donut_pic1-800x530.jpg 800w, https:\/\/www.axion4event.com\/wp-content\/uploads\/2025\/03\/donut_pic1-1200x795.jpg 1200w, https:\/\/www.axion4event.com\/wp-content\/uploads\/2025\/03\/donut_pic1.jpg 1500w\" sizes=\"(min-width: 2200px) 100vw, (min-width: 640px) 1200px, \" \/><\/div><\/a><\/div><\/div><div style=\"padding:5px;\" class=\"fusion-grid-column fusion-gallery-column fusion-gallery-column-3 hover-type-none fusion-element-landscape fusion-element-portrait\"><div class=\"fusion-gallery-image\"><a href=\"https:\/\/www.axion4event.com\/wp-content\/uploads\/2025\/03\/donut_pic2.jpg\" rel=\"noreferrer\" data-rel=\"iLightbox[gallery_image_1]\" class=\"fusion-lightbox\" target=\"_self\"><div style=\"background-image:url(https:\/\/www.axion4event.com\/wp-content\/uploads\/2025\/03\/donut_pic2.jpg);padding-top:calc((100% + 10px) * 0.8);background-position:;\" class=\"fusion-masonry-element-container\"><img decoding=\"async\" src=\"https:\/\/www.axion4event.com\/wp-content\/uploads\/2025\/03\/donut_pic2.jpg\" width=\"1500\" height=\"994\" alt=\"Inflatable DONUT event seat by AXION\" title=\"donut_pic2\" aria-label=\"donut_pic2\" class=\"img-responsive wp-image-9686\" srcset=\"https:\/\/www.axion4event.com\/wp-content\/uploads\/2025\/03\/donut_pic2-200x133.jpg 200w, https:\/\/www.axion4event.com\/wp-content\/uploads\/2025\/03\/donut_pic2-400x265.jpg 400w, https:\/\/www.axion4event.com\/wp-content\/uploads\/2025\/03\/donut_pic2-600x398.jpg 600w, https:\/\/www.axion4event.com\/wp-content\/uploads\/2025\/03\/donut_pic2-800x530.jpg 800w, https:\/\/www.axion4event.com\/wp-content\/uploads\/2025\/03\/donut_pic2-1200x795.jpg 1200w, https:\/\/www.axion4event.com\/wp-content\/uploads\/2025\/03\/donut_pic2.jpg 1500w\" sizes=\"(min-width: 2200px) 100vw, (min-width: 640px) 1200px, \" \/><\/div><\/a><\/div><\/div><\/div><\/div><\/div><\/div><\/div><\/div><div class=\"fusion-fullwidth fullwidth-box fusion-builder-row-4 fusion-flex-container has-pattern-background has-mask-background nonhundred-percent-fullwidth non-hundred-percent-height-scrolling\" style=\"--awb-border-radius-top-left:0px;--awb-border-radius-top-right:0px;--awb-border-radius-bottom-right:0px;--awb-border-radius-bottom-left:0px;--awb-padding-top:20px;--awb-padding-bottom:40px;--awb-flex-wrap:wrap;\" ><div class=\"fusion-builder-row fusion-row fusion-flex-align-items-flex-start fusion-flex-content-wrap\" style=\"max-width:1248px;margin-left: calc(-4% \/ 2 );margin-right: calc(-4% \/ 2 );\"><div class=\"fusion-layout-column fusion_builder_column fusion-builder-column-5 fusion_builder_column_1_1 1_1 fusion-flex-column\" style=\"--awb-bg-size:cover;--awb-width-large:100%;--awb-margin-top-large:0px;--awb-spacing-right-large:1.92%;--awb-margin-bottom-large:20px;--awb-spacing-left-large:1.92%;--awb-width-medium:100%;--awb-order-medium:0;--awb-spacing-right-medium:1.92%;--awb-spacing-left-medium:1.92%;--awb-width-small:100%;--awb-order-small:0;--awb-spacing-right-small:1.92%;--awb-spacing-left-small:1.92%;\"><div class=\"fusion-column-wrapper fusion-column-has-shadow fusion-flex-justify-content-flex-start fusion-content-layout-column\"><div class=\"fusion-title title fusion-title-3 fusion-sep-none fusion-title-center fusion-title-text fusion-title-size-three\" style=\"--awb-text-color:#0d2240;--awb-margin-bottom:40px;--awb-margin-bottom-small:30px;\"><h3 class=\"fusion-title-heading title-heading-center fusion-responsive-typography-calculated\" style=\"margin:0;--fontSize:32;line-height:var(--awb-typography1-line-height);\"><h3 style=\"text-align: center;\">\u00a1Consigue el dise\u00f1o de tu marca en DONUT!<\/h3><\/h3><\/div><div style=\"text-align:center;\"><a class=\"fusion-button button-flat fusion-button-default-size button-default fusion-button-default button-1 fusion-button-default-span \" target=\"_self\" href=\"https:\/\/www.axion4event.com\/es\/free-3d-proposal\/\"><span class=\"fusion-button-text\">OBTEN UNA MAQUETA 3D GRATIS<\/span><i class=\"fa-arrow-alt-circle-right fas button-icon-right\" aria-hidden=\"true\"><\/i><\/a><\/div><\/div><\/div><\/div><\/div><\/p>\n","protected":false},"excerpt":{"rendered":"","protected":false},"author":2,"featured_media":0,"parent":8566,"menu_order":0,"comment_status":"closed","ping_status":"closed","template":"100-width.php","meta":{"footnotes":""},"class_list":["post-9723","page","type-page","status-publish","hentry"],"yoast_head":"<!-- This site is optimized with the Yoast SEO plugin v27.1.1 - https:\/\/yoast.com\/product\/yoast-seo-wordpress\/ -->\n<title>DONUT - Asiento inflable sellado para eventos | AXION<\/title>\n<meta name=\"robots\" content=\"index, follow, max-snippet:-1, max-image-preview:large, max-video-preview:-1\" \/>\n<link rel=\"canonical\" href=\"https:\/\/www.axion4event.com\/es\/inflatable-furniture\/inflatable-donut\/\" \/>\n<meta property=\"og:locale\" content=\"es_ES\" \/>\n<meta property=\"og:type\" content=\"article\" \/>\n<meta property=\"og:title\" content=\"DONUT - Asiento inflable sellado para eventos | AXION\" \/>\n<meta property=\"og:url\" content=\"https:\/\/www.axion4event.com\/es\/inflatable-furniture\/inflatable-donut\/\" \/>\n<meta property=\"og:site_name\" content=\"Axion4event\" \/>\n<meta property=\"article:modified_time\" content=\"2025-03-24T11:15:19+00:00\" \/>\n<meta property=\"og:image\" content=\"https:\/\/www.axion4event.com\/wp-content\/uploads\/2024\/09\/social_card_ax_new-scaled.jpg\" \/>\n\t<meta property=\"og:image:width\" content=\"2560\" \/>\n\t<meta property=\"og:image:height\" content=\"1440\" \/>\n\t<meta property=\"og:image:type\" content=\"image\/jpeg\" \/>\n<meta name=\"twitter:card\" content=\"summary_large_image\" \/>\n<meta name=\"twitter:label1\" content=\"Tiempo de lectura\" \/>\n\t<meta name=\"twitter:data1\" content=\"36 minutos\" \/>\n<!-- \/ Yoast SEO plugin. -->","yoast_head_json":{"title":"DONUT - Asiento inflable sellado para eventos | AXION","robots":{"index":"index","follow":"follow","max-snippet":"max-snippet:-1","max-image-preview":"max-image-preview:large","max-video-preview":"max-video-preview:-1"},"canonical":"https:\/\/www.axion4event.com\/es\/inflatable-furniture\/inflatable-donut\/","og_locale":"es_ES","og_type":"article","og_title":"DONUT - Asiento inflable sellado para eventos | AXION","og_url":"https:\/\/www.axion4event.com\/es\/inflatable-furniture\/inflatable-donut\/","og_site_name":"Axion4event","article_modified_time":"2025-03-24T11:15:19+00:00","og_image":[{"width":2560,"height":1440,"url":"https:\/\/www.axion4event.com\/wp-content\/uploads\/2024\/09\/social_card_ax_new-scaled.jpg","type":"image\/jpeg"}],"twitter_card":"summary_large_image","twitter_misc":{"Tiempo de lectura":"36 minutos"},"schema":{"@context":"https:\/\/schema.org","@graph":[{"@type":"WebPage","@id":"https:\/\/www.axion4event.com\/es\/inflatable-furniture\/inflatable-donut\/","url":"https:\/\/www.axion4event.com\/es\/inflatable-furniture\/inflatable-donut\/","name":"DONUT - Asiento inflable sellado para eventos | AXION","isPartOf":{"@id":"https:\/\/www.axion4event.com\/#website"},"datePublished":"2025-03-24T10:44:36+00:00","dateModified":"2025-03-24T11:15:19+00:00","breadcrumb":{"@id":"https:\/\/www.axion4event.com\/es\/inflatable-furniture\/inflatable-donut\/#breadcrumb"},"inLanguage":"es","potentialAction":[{"@type":"ReadAction","target":["https:\/\/www.axion4event.com\/es\/inflatable-furniture\/inflatable-donut\/"]}]},{"@type":"BreadcrumbList","@id":"https:\/\/www.axion4event.com\/es\/inflatable-furniture\/inflatable-donut\/#breadcrumb","itemListElement":[{"@type":"ListItem","position":1,"name":"Home","item":"https:\/\/www.axion4event.com\/es\/"},{"@type":"ListItem","position":2,"name":"InflatableFurniture","item":"https:\/\/www.axion4event.com\/es\/inflatable-furniture\/"},{"@type":"ListItem","position":3,"name":"product3_5Donut"}]},{"@type":"WebSite","@id":"https:\/\/www.axion4event.com\/#website","url":"https:\/\/www.axion4event.com\/","name":"Axion4event","description":"","potentialAction":[{"@type":"SearchAction","target":{"@type":"EntryPoint","urlTemplate":"https:\/\/www.axion4event.com\/?s={search_term_string}"},"query-input":{"@type":"PropertyValueSpecification","valueRequired":true,"valueName":"search_term_string"}}],"inLanguage":"es"}]}},"_links":{"self":[{"href":"https:\/\/www.axion4event.com\/es\/wp-json\/wp\/v2\/pages\/9723","targetHints":{"allow":["GET"]}}],"collection":[{"href":"https:\/\/www.axion4event.com\/es\/wp-json\/wp\/v2\/pages"}],"about":[{"href":"https:\/\/www.axion4event.com\/es\/wp-json\/wp\/v2\/types\/page"}],"author":[{"embeddable":true,"href":"https:\/\/www.axion4event.com\/es\/wp-json\/wp\/v2\/users\/2"}],"replies":[{"embeddable":true,"href":"https:\/\/www.axion4event.com\/es\/wp-json\/wp\/v2\/comments?post=9723"}],"version-history":[{"count":2,"href":"https:\/\/www.axion4event.com\/es\/wp-json\/wp\/v2\/pages\/9723\/revisions"}],"predecessor-version":[{"id":9725,"href":"https:\/\/www.axion4event.com\/es\/wp-json\/wp\/v2\/pages\/9723\/revisions\/9725"}],"up":[{"embeddable":true,"href":"https:\/\/www.axion4event.com\/es\/wp-json\/wp\/v2\/pages\/8566"}],"wp:attachment":[{"href":"https:\/\/www.axion4event.com\/es\/wp-json\/wp\/v2\/media?parent=9723"}],"curies":[{"name":"wp","href":"https:\/\/api.w.org\/{rel}","templated":true}]}}