{"id":10970,"date":"2024-01-03T12:47:08","date_gmt":"2024-01-03T11:47:08","guid":{"rendered":"https:\/\/www.axion4event.com\/tentify\/"},"modified":"2025-06-30T12:02:58","modified_gmt":"2025-06-30T10:02:58","slug":"tentify","status":"publish","type":"page","link":"https:\/\/www.axion4event.com\/sk\/tentify\/","title":{"rendered":"TentifyLine"},"content":{"rendered":"<p><div class=\"fusion-fullwidth fullwidth-box fusion-builder-row-1 fusion-flex-container has-pattern-background has-mask-background nonhundred-percent-fullwidth non-hundred-percent-height-scrolling\" style=\"--awb-border-radius-top-left:0px;--awb-border-radius-top-right:0px;--awb-border-radius-bottom-right:0px;--awb-border-radius-bottom-left:0px;--awb-padding-top:150px;--awb-padding-bottom:80px;--awb-flex-wrap:wrap;\" ><div class=\"fusion-builder-row fusion-row fusion-flex-align-items-flex-start fusion-flex-content-wrap\" style=\"max-width:1248px;margin-left: calc(-4% \/ 2 );margin-right: calc(-4% \/ 2 );\"><div class=\"fusion-layout-column fusion_builder_column fusion-builder-column-0 fusion_builder_column_1_1 1_1 fusion-flex-column\" style=\"--awb-bg-size:cover;--awb-width-large:100%;--awb-margin-top-large:0px;--awb-spacing-right-large:1.92%;--awb-margin-bottom-large:20px;--awb-spacing-left-large:1.92%;--awb-width-medium:100%;--awb-order-medium:0;--awb-spacing-right-medium:1.92%;--awb-spacing-left-medium:1.92%;--awb-width-small:100%;--awb-order-small:0;--awb-spacing-right-small:1.92%;--awb-spacing-left-small:1.92%;\"><div class=\"fusion-column-wrapper fusion-column-has-shadow fusion-flex-justify-content-flex-start fusion-content-layout-column\"><div class=\"fusion-title title fusion-title-1 fusion-sep-none fusion-title-text fusion-title-size-one\" style=\"--awb-margin-bottom:50px;\"><h1 class=\"fusion-title-heading title-heading-left fusion-responsive-typography-calculated\" style=\"margin:0;--fontSize:64;line-height:var(--awb-typography1-line-height);\"><h1 style=\"text-align: center;\">TENTIFY RADA<\/h1><\/h1><\/div><div class=\"fusion-title title fusion-title-2 fusion-sep-none fusion-title-text fusion-title-size-five\" style=\"--awb-margin-bottom:50px;\"><h5 class=\"fusion-title-heading title-heading-left fusion-responsive-typography-calculated\" style=\"margin:0;--fontSize:20;--minFontSize:20;line-height:var(--awb-typography1-line-height);\"><p style=\"text-align: center;\">NA\u0160A RADA STANOV Z KOVOV\u00ddCH KON\u0160TRUKCI\u00cd<\/p><\/h5><\/div><div class=\"fusion-text fusion-text-1\"><p>Tentify je na\u0161a rada pevn\u00fdch kovov\u00fdch stanov. Rovnako ako cel\u00e9 na\u0161e portf\u00f3lio nafukovac\u00edch produktov, aj Tentify produkty s\u00fa vyroben\u00e9 z kvalitn\u00fdch materi\u00e1lov a poskytuj\u00fa rie\u0161enia pre \u0161irok\u00fa \u0161k\u00e1lu podujat\u00ed a vyu\u017eit\u00ed &#8211; od jednotliv\u00fdch st\u00e1nkov a\u017e po ve\u013ek\u00e9 eventov\u00e9 alebo festivalov\u00e9 kon\u0161trukcie. S\u00fa dostupn\u00e9 v r\u00f4znych ve\u013ekostiach a s mo\u017enos\u0165ou vysokej miery prisp\u00f4sobenia dizajnu.<\/p>\n<\/div><\/div><\/div><\/div><\/div><div class=\"fusion-fullwidth fullwidth-box fusion-builder-row-2 fusion-flex-container has-pattern-background has-mask-background nonhundred-percent-fullwidth non-hundred-percent-height-scrolling\" style=\"--awb-border-radius-top-left:0px;--awb-border-radius-top-right:0px;--awb-border-radius-bottom-right:0px;--awb-border-radius-bottom-left:0px;--awb-margin-bottom:100px;--awb-flex-wrap:wrap;\" ><div class=\"fusion-builder-row fusion-row fusion-flex-align-items-flex-start fusion-flex-content-wrap\" style=\"max-width:1248px;margin-left: calc(-4% \/ 2 );margin-right: calc(-4% \/ 2 );\"><div class=\"fusion-layout-column fusion_builder_column fusion-builder-column-1 fusion_builder_column_1_5 1_5 fusion-flex-column fusion-column-inner-bg-wrapper fusion-column-liftup-border\" style=\"--awb-padding-bottom:30px;--awb-inner-bg-size:cover;--awb-width-large:20%;--awb-margin-top-large:0px;--awb-spacing-right-large:9.6%;--awb-margin-bottom-large:20px;--awb-spacing-left-large:9.6%;--awb-width-medium:20%;--awb-order-medium:0;--awb-spacing-right-medium:9.6%;--awb-spacing-left-medium:9.6%;--awb-width-small:100%;--awb-order-small:0;--awb-spacing-right-small:1.92%;--awb-spacing-left-small:1.92%;\" data-motion-effects=\"[{&quot;type&quot;:&quot;&quot;,&quot;scroll_type&quot;:&quot;transition&quot;,&quot;scroll_direction&quot;:&quot;up&quot;,&quot;transition_speed&quot;:&quot;1&quot;,&quot;fade_type&quot;:&quot;in&quot;,&quot;scale_type&quot;:&quot;up&quot;,&quot;initial_scale&quot;:&quot;1&quot;,&quot;max_scale&quot;:&quot;1.5&quot;,&quot;min_scale&quot;:&quot;0.5&quot;,&quot;initial_rotate&quot;:&quot;0&quot;,&quot;end_rotate&quot;:&quot;30&quot;,&quot;initial_blur&quot;:&quot;0&quot;,&quot;end_blur&quot;:&quot;3&quot;,&quot;start_element&quot;:&quot;top&quot;,&quot;start_viewport&quot;:&quot;bottom&quot;,&quot;end_element&quot;:&quot;bottom&quot;,&quot;end_viewport&quot;:&quot;top&quot;,&quot;mouse_effect&quot;:&quot;track&quot;,&quot;mouse_effect_direction&quot;:&quot;opposite&quot;,&quot;mouse_effect_speed&quot;:&quot;2&quot;,&quot;infinite_animation&quot;:&quot;float&quot;,&quot;infinite_animation_speed&quot;:&quot;2&quot;}]\" data-scroll-devices=\"small-visibility,medium-visibility,large-visibility\"><span class=\"fusion-column-inner-bg hover-type-liftup\"><a class=\"fusion-column-anchor\" href=\"https:\/\/www.axion4event.com\/tentify\/quick\/\"><span class=\"fusion-column-inner-bg-image\"><\/span><\/a><\/span><div class=\"fusion-column-wrapper fusion-flex-justify-content-flex-start fusion-content-layout-column\"><div class=\"fusion-image-element \" style=\"--awb-margin-bottom:6px;--awb-caption-title-font-family:var(--h2_typography-font-family);--awb-caption-title-font-weight:var(--h2_typography-font-weight);--awb-caption-title-font-style:var(--h2_typography-font-style);--awb-caption-title-size:var(--h2_typography-font-size);--awb-caption-title-transform:var(--h2_typography-text-transform);--awb-caption-title-line-height:var(--h2_typography-line-height);--awb-caption-title-letter-spacing:var(--h2_typography-letter-spacing);\"><span class=\" fusion-imageframe imageframe-none imageframe-1 hover-type-none\"><img decoding=\"async\" width=\"972\" height=\"744\" title=\"TENTIFY -quick copy\" src=\"https:\/\/www.axion4event.com\/wp-content\/uploads\/2024\/02\/TENTIFY-quick-copy.jpg\" alt class=\"img-responsive wp-image-11027\" srcset=\"https:\/\/www.axion4event.com\/wp-content\/uploads\/2024\/02\/TENTIFY-quick-copy-200x153.jpg 200w, https:\/\/www.axion4event.com\/wp-content\/uploads\/2024\/02\/TENTIFY-quick-copy-400x306.jpg 400w, https:\/\/www.axion4event.com\/wp-content\/uploads\/2024\/02\/TENTIFY-quick-copy-600x459.jpg 600w, https:\/\/www.axion4event.com\/wp-content\/uploads\/2024\/02\/TENTIFY-quick-copy-800x612.jpg 800w, https:\/\/www.axion4event.com\/wp-content\/uploads\/2024\/02\/TENTIFY-quick-copy.jpg 972w\" sizes=\"(max-width: 640px) 100vw, 200px\" \/><\/span><\/div><div class=\"fusion-title title fusion-title-3 fusion-sep-none fusion-title-text fusion-title-size-four\" style=\"--awb-margin-top:0px;\"><h4 class=\"fusion-title-heading title-heading-left fusion-responsive-typography-calculated\" style=\"margin:0;--fontSize:24;line-height:var(--awb-typography1-line-height);\"><h4 style=\"text-align: center;\">QUICK<\/h4><\/h4><\/div><div class=\"fusion-text fusion-text-2\"><h6 style=\"text-align: center;\">R\u00ddCHLO SKLADAC\u00cd POP-UP STAN<\/h6>\n<\/div><\/div><\/div><div class=\"fusion-layout-column fusion_builder_column fusion-builder-column-2 fusion_builder_column_1_5 1_5 fusion-flex-column fusion-column-inner-bg-wrapper fusion-column-liftup-border\" style=\"--awb-padding-bottom:30px;--awb-inner-bg-size:cover;--awb-width-large:20%;--awb-margin-top-large:0px;--awb-spacing-right-large:9.6%;--awb-margin-bottom-large:20px;--awb-spacing-left-large:9.6%;--awb-width-medium:20%;--awb-order-medium:0;--awb-spacing-right-medium:9.6%;--awb-spacing-left-medium:9.6%;--awb-width-small:100%;--awb-order-small:0;--awb-spacing-right-small:1.92%;--awb-spacing-left-small:1.92%;\" data-motion-effects=\"[{&quot;type&quot;:&quot;&quot;,&quot;scroll_type&quot;:&quot;transition&quot;,&quot;scroll_direction&quot;:&quot;up&quot;,&quot;transition_speed&quot;:&quot;1&quot;,&quot;fade_type&quot;:&quot;in&quot;,&quot;scale_type&quot;:&quot;up&quot;,&quot;initial_scale&quot;:&quot;1&quot;,&quot;max_scale&quot;:&quot;1.5&quot;,&quot;min_scale&quot;:&quot;0.5&quot;,&quot;initial_rotate&quot;:&quot;0&quot;,&quot;end_rotate&quot;:&quot;30&quot;,&quot;initial_blur&quot;:&quot;0&quot;,&quot;end_blur&quot;:&quot;3&quot;,&quot;start_element&quot;:&quot;top&quot;,&quot;start_viewport&quot;:&quot;bottom&quot;,&quot;end_element&quot;:&quot;bottom&quot;,&quot;end_viewport&quot;:&quot;top&quot;,&quot;mouse_effect&quot;:&quot;track&quot;,&quot;mouse_effect_direction&quot;:&quot;opposite&quot;,&quot;mouse_effect_speed&quot;:&quot;2&quot;,&quot;infinite_animation&quot;:&quot;float&quot;,&quot;infinite_animation_speed&quot;:&quot;2&quot;}]\" data-scroll-devices=\"small-visibility,medium-visibility,large-visibility\"><span class=\"fusion-column-inner-bg hover-type-liftup\"><a class=\"fusion-column-anchor\" href=\"https:\/\/www.axion4event.com\/tentify\/tepee\/\"><span class=\"fusion-column-inner-bg-image\"><\/span><\/a><\/span><div class=\"fusion-column-wrapper fusion-flex-justify-content-flex-start fusion-content-layout-column\"><div class=\"fusion-image-element \" style=\"--awb-margin-bottom:6px;--awb-caption-title-font-family:var(--h2_typography-font-family);--awb-caption-title-font-weight:var(--h2_typography-font-weight);--awb-caption-title-font-style:var(--h2_typography-font-style);--awb-caption-title-size:var(--h2_typography-font-size);--awb-caption-title-transform:var(--h2_typography-text-transform);--awb-caption-title-line-height:var(--h2_typography-line-height);--awb-caption-title-letter-spacing:var(--h2_typography-letter-spacing);\"><span class=\" fusion-imageframe imageframe-none imageframe-2 hover-type-none\"><img decoding=\"async\" width=\"972\" height=\"744\" title=\"TENTIFY -tepee copy\" src=\"https:\/\/www.axion4event.com\/wp-content\/uploads\/2024\/02\/TENTIFY-tepee-copy-1.jpg\" alt class=\"img-responsive wp-image-11032\" srcset=\"https:\/\/www.axion4event.com\/wp-content\/uploads\/2024\/02\/TENTIFY-tepee-copy-1-200x153.jpg 200w, https:\/\/www.axion4event.com\/wp-content\/uploads\/2024\/02\/TENTIFY-tepee-copy-1-400x306.jpg 400w, https:\/\/www.axion4event.com\/wp-content\/uploads\/2024\/02\/TENTIFY-tepee-copy-1-600x459.jpg 600w, https:\/\/www.axion4event.com\/wp-content\/uploads\/2024\/02\/TENTIFY-tepee-copy-1-800x612.jpg 800w, https:\/\/www.axion4event.com\/wp-content\/uploads\/2024\/02\/TENTIFY-tepee-copy-1.jpg 972w\" sizes=\"(max-width: 640px) 100vw, 200px\" \/><\/span><\/div><div class=\"fusion-title title fusion-title-4 fusion-sep-none fusion-title-text fusion-title-size-four\" style=\"--awb-margin-top:0px;\"><h4 class=\"fusion-title-heading title-heading-left fusion-responsive-typography-calculated\" style=\"margin:0;--fontSize:24;line-height:var(--awb-typography1-line-height);\"><h4 style=\"text-align: center;\">TEPEE<\/h4><\/h4><\/div><div class=\"fusion-text fusion-text-3\"><h6 style=\"text-align: center;\">HVIEZDICOV\u00dd STAN<\/h6>\n<\/div><\/div><\/div><div class=\"fusion-layout-column fusion_builder_column fusion-builder-column-3 fusion_builder_column_1_5 1_5 fusion-flex-column fusion-column-inner-bg-wrapper fusion-column-liftup-border\" style=\"--awb-padding-bottom:30px;--awb-inner-bg-size:cover;--awb-width-large:20%;--awb-margin-top-large:0px;--awb-spacing-right-large:9.6%;--awb-margin-bottom-large:20px;--awb-spacing-left-large:9.6%;--awb-width-medium:20%;--awb-order-medium:0;--awb-spacing-right-medium:9.6%;--awb-spacing-left-medium:9.6%;--awb-width-small:100%;--awb-order-small:0;--awb-spacing-right-small:1.92%;--awb-spacing-left-small:1.92%;\" data-motion-effects=\"[{&quot;type&quot;:&quot;&quot;,&quot;scroll_type&quot;:&quot;transition&quot;,&quot;scroll_direction&quot;:&quot;up&quot;,&quot;transition_speed&quot;:&quot;1&quot;,&quot;fade_type&quot;:&quot;in&quot;,&quot;scale_type&quot;:&quot;up&quot;,&quot;initial_scale&quot;:&quot;1&quot;,&quot;max_scale&quot;:&quot;1.5&quot;,&quot;min_scale&quot;:&quot;0.5&quot;,&quot;initial_rotate&quot;:&quot;0&quot;,&quot;end_rotate&quot;:&quot;30&quot;,&quot;initial_blur&quot;:&quot;0&quot;,&quot;end_blur&quot;:&quot;3&quot;,&quot;start_element&quot;:&quot;top&quot;,&quot;start_viewport&quot;:&quot;bottom&quot;,&quot;end_element&quot;:&quot;bottom&quot;,&quot;end_viewport&quot;:&quot;top&quot;,&quot;mouse_effect&quot;:&quot;track&quot;,&quot;mouse_effect_direction&quot;:&quot;opposite&quot;,&quot;mouse_effect_speed&quot;:&quot;2&quot;,&quot;infinite_animation&quot;:&quot;float&quot;,&quot;infinite_animation_speed&quot;:&quot;2&quot;}]\" data-scroll-devices=\"small-visibility,medium-visibility,large-visibility\"><span class=\"fusion-column-inner-bg hover-type-liftup\"><a class=\"fusion-column-anchor\" href=\"https:\/\/www.axion4event.com\/tentify\/stretch\/\"><span class=\"fusion-column-inner-bg-image\"><\/span><\/a><\/span><div class=\"fusion-column-wrapper fusion-flex-justify-content-flex-start fusion-content-layout-column\"><div class=\"fusion-image-element \" style=\"--awb-margin-bottom:6px;--awb-caption-title-font-family:var(--h2_typography-font-family);--awb-caption-title-font-weight:var(--h2_typography-font-weight);--awb-caption-title-font-style:var(--h2_typography-font-style);--awb-caption-title-size:var(--h2_typography-font-size);--awb-caption-title-transform:var(--h2_typography-text-transform);--awb-caption-title-line-height:var(--h2_typography-line-height);--awb-caption-title-letter-spacing:var(--h2_typography-letter-spacing);\"><span class=\" fusion-imageframe imageframe-none imageframe-3 hover-type-none\"><img decoding=\"async\" width=\"972\" height=\"744\" title=\"TENTIFY -event-stretch\" src=\"https:\/\/www.axion4event.com\/wp-content\/uploads\/2024\/02\/TENTIFY-event-stretch.jpg\" alt class=\"img-responsive wp-image-11036\" srcset=\"https:\/\/www.axion4event.com\/wp-content\/uploads\/2024\/02\/TENTIFY-event-stretch-200x153.jpg 200w, https:\/\/www.axion4event.com\/wp-content\/uploads\/2024\/02\/TENTIFY-event-stretch-400x306.jpg 400w, https:\/\/www.axion4event.com\/wp-content\/uploads\/2024\/02\/TENTIFY-event-stretch-600x459.jpg 600w, https:\/\/www.axion4event.com\/wp-content\/uploads\/2024\/02\/TENTIFY-event-stretch-800x612.jpg 800w, https:\/\/www.axion4event.com\/wp-content\/uploads\/2024\/02\/TENTIFY-event-stretch.jpg 972w\" sizes=\"(max-width: 640px) 100vw, 200px\" \/><\/span><\/div><div class=\"fusion-title title fusion-title-5 fusion-sep-none fusion-title-text fusion-title-size-four\" style=\"--awb-margin-top:0px;\"><h4 class=\"fusion-title-heading title-heading-left fusion-responsive-typography-calculated\" style=\"margin:0;--fontSize:24;line-height:var(--awb-typography1-line-height);\"><h4 style=\"text-align: center;\">STRETCH<\/h4><\/h4><\/div><div class=\"fusion-text fusion-text-4\"><h6 style=\"text-align: center;\">MULTIFUNK\u010cN\u00dd STRETCH STAN<\/h6>\n<\/div><\/div><\/div><div class=\"fusion-layout-column fusion_builder_column fusion-builder-column-4 fusion_builder_column_1_5 1_5 fusion-flex-column fusion-column-inner-bg-wrapper fusion-column-liftup-border\" style=\"--awb-padding-bottom:30px;--awb-inner-bg-size:cover;--awb-width-large:20%;--awb-margin-top-large:0px;--awb-spacing-right-large:9.6%;--awb-margin-bottom-large:20px;--awb-spacing-left-large:9.6%;--awb-width-medium:20%;--awb-order-medium:0;--awb-spacing-right-medium:9.6%;--awb-spacing-left-medium:9.6%;--awb-width-small:100%;--awb-order-small:0;--awb-spacing-right-small:1.92%;--awb-spacing-left-small:1.92%;\" data-motion-effects=\"[{&quot;type&quot;:&quot;&quot;,&quot;scroll_type&quot;:&quot;transition&quot;,&quot;scroll_direction&quot;:&quot;up&quot;,&quot;transition_speed&quot;:&quot;1&quot;,&quot;fade_type&quot;:&quot;in&quot;,&quot;scale_type&quot;:&quot;up&quot;,&quot;initial_scale&quot;:&quot;1&quot;,&quot;max_scale&quot;:&quot;1.5&quot;,&quot;min_scale&quot;:&quot;0.5&quot;,&quot;initial_rotate&quot;:&quot;0&quot;,&quot;end_rotate&quot;:&quot;30&quot;,&quot;initial_blur&quot;:&quot;0&quot;,&quot;end_blur&quot;:&quot;3&quot;,&quot;start_element&quot;:&quot;top&quot;,&quot;start_viewport&quot;:&quot;bottom&quot;,&quot;end_element&quot;:&quot;bottom&quot;,&quot;end_viewport&quot;:&quot;top&quot;,&quot;mouse_effect&quot;:&quot;track&quot;,&quot;mouse_effect_direction&quot;:&quot;opposite&quot;,&quot;mouse_effect_speed&quot;:&quot;2&quot;,&quot;infinite_animation&quot;:&quot;float&quot;,&quot;infinite_animation_speed&quot;:&quot;2&quot;}]\" data-scroll-devices=\"small-visibility,medium-visibility,large-visibility\"><span class=\"fusion-column-inner-bg hover-type-liftup\"><a class=\"fusion-column-anchor\" href=\"https:\/\/www.axion4event.com\/sk\/beachflags\/\"><span class=\"fusion-column-inner-bg-image\"><\/span><\/a><\/span><div class=\"fusion-column-wrapper fusion-flex-justify-content-flex-start fusion-content-layout-column\"><div class=\"fusion-image-element \" style=\"--awb-margin-bottom:6px;--awb-caption-title-font-family:var(--h2_typography-font-family);--awb-caption-title-font-weight:var(--h2_typography-font-weight);--awb-caption-title-font-style:var(--h2_typography-font-style);--awb-caption-title-size:var(--h2_typography-font-size);--awb-caption-title-transform:var(--h2_typography-text-transform);--awb-caption-title-line-height:var(--h2_typography-line-height);--awb-caption-title-letter-spacing:var(--h2_typography-letter-spacing);\"><span class=\" fusion-imageframe imageframe-none imageframe-4 hover-type-none\"><img decoding=\"async\" width=\"972\" height=\"744\" title=\"TENTIFY -beachflag copy\" src=\"https:\/\/www.axion4event.com\/wp-content\/uploads\/2024\/02\/TENTIFY-beachflag-copy.jpg\" alt class=\"img-responsive wp-image-10921\" srcset=\"https:\/\/www.axion4event.com\/wp-content\/uploads\/2024\/02\/TENTIFY-beachflag-copy-200x153.jpg 200w, https:\/\/www.axion4event.com\/wp-content\/uploads\/2024\/02\/TENTIFY-beachflag-copy-400x306.jpg 400w, https:\/\/www.axion4event.com\/wp-content\/uploads\/2024\/02\/TENTIFY-beachflag-copy-600x459.jpg 600w, https:\/\/www.axion4event.com\/wp-content\/uploads\/2024\/02\/TENTIFY-beachflag-copy-800x612.jpg 800w, https:\/\/www.axion4event.com\/wp-content\/uploads\/2024\/02\/TENTIFY-beachflag-copy.jpg 972w\" sizes=\"(max-width: 640px) 100vw, 200px\" \/><\/span><\/div><div class=\"fusion-title title fusion-title-6 fusion-sep-none fusion-title-text fusion-title-size-four\" style=\"--awb-margin-top:0px;\"><h4 class=\"fusion-title-heading title-heading-left fusion-responsive-typography-calculated\" style=\"margin:0;--fontSize:24;line-height:var(--awb-typography1-line-height);\"><h4 style=\"text-align: center;\">BEACH FLAG<\/h4><\/h4><\/div><div class=\"fusion-text fusion-text-5\"><h6 style=\"text-align: center;\">NEVYHNUTNOS\u0164 PRE KA\u017dD\u00dd EVENT<\/h6>\n<\/div><\/div><\/div><\/div><\/div><\/p>\n","protected":false},"excerpt":{"rendered":"","protected":false},"author":2,"featured_media":0,"parent":0,"menu_order":0,"comment_status":"closed","ping_status":"closed","template":"100-width.php","meta":{"footnotes":""},"class_list":["post-10970","page","type-page","status-publish","hentry"],"yoast_head":"<!-- This site is optimized with the Yoast SEO plugin v27.1.1 - https:\/\/yoast.com\/product\/yoast-seo-wordpress\/ -->\n<title>Kovov\u00e9 stany a kon\u0161trukcie na podujatia | AXION TENTIFY<\/title>\n<meta name=\"robots\" content=\"index, follow, max-snippet:-1, max-image-preview:large, max-video-preview:-1\" \/>\n<link rel=\"canonical\" href=\"https:\/\/www.axion4event.com\/sk\/tentify\/\" \/>\n<meta property=\"og:locale\" content=\"sk_SK\" \/>\n<meta property=\"og:type\" content=\"article\" \/>\n<meta property=\"og:title\" content=\"Kovov\u00e9 stany a kon\u0161trukcie na podujatia | AXION TENTIFY\" \/>\n<meta property=\"og:url\" content=\"https:\/\/www.axion4event.com\/sk\/tentify\/\" \/>\n<meta property=\"og:site_name\" content=\"Axion4event\" \/>\n<meta property=\"article:modified_time\" content=\"2025-06-30T10:02:58+00:00\" \/>\n<meta property=\"og:image\" content=\"https:\/\/www.axion4event.com\/wp-content\/uploads\/2024\/09\/social_card_ax_new-scaled.jpg\" \/>\n\t<meta property=\"og:image:width\" content=\"2560\" \/>\n\t<meta property=\"og:image:height\" content=\"1440\" \/>\n\t<meta property=\"og:image:type\" content=\"image\/jpeg\" \/>\n<meta name=\"twitter:card\" content=\"summary_large_image\" \/>\n<meta name=\"twitter:label1\" content=\"Predpokladan\u00fd \u010das \u010d\u00edtania\" \/>\n\t<meta name=\"twitter:data1\" content=\"33 min\u00fat\" \/>\n<!-- \/ Yoast SEO plugin. -->","yoast_head_json":{"title":"Kovov\u00e9 stany a kon\u0161trukcie na podujatia | AXION TENTIFY","robots":{"index":"index","follow":"follow","max-snippet":"max-snippet:-1","max-image-preview":"max-image-preview:large","max-video-preview":"max-video-preview:-1"},"canonical":"https:\/\/www.axion4event.com\/sk\/tentify\/","og_locale":"sk_SK","og_type":"article","og_title":"Kovov\u00e9 stany a kon\u0161trukcie na podujatia | AXION TENTIFY","og_url":"https:\/\/www.axion4event.com\/sk\/tentify\/","og_site_name":"Axion4event","article_modified_time":"2025-06-30T10:02:58+00:00","og_image":[{"width":2560,"height":1440,"url":"https:\/\/www.axion4event.com\/wp-content\/uploads\/2024\/09\/social_card_ax_new-scaled.jpg","type":"image\/jpeg"}],"twitter_card":"summary_large_image","twitter_misc":{"Predpokladan\u00fd \u010das \u010d\u00edtania":"33 min\u00fat"},"schema":{"@context":"https:\/\/schema.org","@graph":[{"@type":"WebPage","@id":"https:\/\/www.axion4event.com\/sk\/tentify\/","url":"https:\/\/www.axion4event.com\/sk\/tentify\/","name":"Kovov\u00e9 stany a kon\u0161trukcie na podujatia | AXION TENTIFY","isPartOf":{"@id":"https:\/\/www.axion4event.com\/#website"},"datePublished":"2024-01-03T11:47:08+00:00","dateModified":"2025-06-30T10:02:58+00:00","breadcrumb":{"@id":"https:\/\/www.axion4event.com\/sk\/tentify\/#breadcrumb"},"inLanguage":"sk-SK","potentialAction":[{"@type":"ReadAction","target":["https:\/\/www.axion4event.com\/sk\/tentify\/"]}]},{"@type":"BreadcrumbList","@id":"https:\/\/www.axion4event.com\/sk\/tentify\/#breadcrumb","itemListElement":[{"@type":"ListItem","position":1,"name":"Home","item":"https:\/\/www.axion4event.com\/sk\/newhomepage\/"},{"@type":"ListItem","position":2,"name":"TentifyLine"}]},{"@type":"WebSite","@id":"https:\/\/www.axion4event.com\/#website","url":"https:\/\/www.axion4event.com\/","name":"Axion4event","description":"","potentialAction":[{"@type":"SearchAction","target":{"@type":"EntryPoint","urlTemplate":"https:\/\/www.axion4event.com\/?s={search_term_string}"},"query-input":{"@type":"PropertyValueSpecification","valueRequired":true,"valueName":"search_term_string"}}],"inLanguage":"sk-SK"}]}},"_links":{"self":[{"href":"https:\/\/www.axion4event.com\/sk\/wp-json\/wp\/v2\/pages\/10970","targetHints":{"allow":["GET"]}}],"collection":[{"href":"https:\/\/www.axion4event.com\/sk\/wp-json\/wp\/v2\/pages"}],"about":[{"href":"https:\/\/www.axion4event.com\/sk\/wp-json\/wp\/v2\/types\/page"}],"author":[{"embeddable":true,"href":"https:\/\/www.axion4event.com\/sk\/wp-json\/wp\/v2\/users\/2"}],"replies":[{"embeddable":true,"href":"https:\/\/www.axion4event.com\/sk\/wp-json\/wp\/v2\/comments?post=10970"}],"version-history":[{"count":2,"href":"https:\/\/www.axion4event.com\/sk\/wp-json\/wp\/v2\/pages\/10970\/revisions"}],"predecessor-version":[{"id":11025,"href":"https:\/\/www.axion4event.com\/sk\/wp-json\/wp\/v2\/pages\/10970\/revisions\/11025"}],"wp:attachment":[{"href":"https:\/\/www.axion4event.com\/sk\/wp-json\/wp\/v2\/media?parent=10970"}],"curies":[{"name":"wp","href":"https:\/\/api.w.org\/{rel}","templated":true}]}}